{"id":78,"date":"2022-08-22T13:29:33","date_gmt":"2022-08-22T13:29:33","guid":{"rendered":"https:\/\/kultur.halmawuerzburg.de\/?page_id=78"},"modified":"2025-09-04T06:07:46","modified_gmt":"2025-09-04T06:07:46","slug":"spende","status":"publish","type":"page","link":"https:\/\/kultur.halmawuerzburg.de\/?page_id=78","title":{"rendered":"Spenden"},"content":{"rendered":"\n<p><strong>Spenden Sie f\u00fcr das Projekt<\/strong><\/p>\n\n\n\n<p><\/p>\n\n\n\n<p class=\"has-text-align-center\">HALMA e.V. ist seit 2021 auf der Spendenplattform <strong>betterplace<\/strong> aktiv. Sie k\u00f6nnen unsere Arbeit durch Ihre Spende unterst\u00fctzen. Ziel ist es, dass sich m\u00f6glichst viele Museen, Theater und andere Kulturschaffende mit Freude und Begeisterung diesem Thema n\u00e4hern und andere Veranstaltungsformate im kulturellen Bereich entwickeln und etablieren. Um die breite \u00d6ffentlichkeit zu erreichen und zu sensibilisieren, ben\u00f6tigt Halma 1.500,&#8211;\u00a0 Euro f\u00fcr das Jahr 2025. Diesen Betrag m\u00f6chten wir \u00fcber das Spendenportal sammeln. Helfen Sie mit und klicken sie auf das Bild!\u00a0<\/p>\n\n\n\n<p><\/p>\n\n\n<div class=\"wp-block-image\">\n<figure class=\"aligncenter size-full is-resized\"><a href=\"https:\/\/www.betterplace.org\/de\/projects\/97466-kultur-fuer-menschen-mit-und-ohne-demenz-kulturelle-teilhabe-in-wuerzburg\" target=\"_blank\" rel=\" noreferrer noopener\"><img loading=\"lazy\" decoding=\"async\" width=\"618\" height=\"322\" src=\"https:\/\/kultur.halmawuerzburg.de\/wp-content\/uploads\/2025\/09\/demenz-spenden-1.jpg\" alt=\"\" class=\"wp-image-492\" style=\"width:729px;height:auto\" srcset=\"https:\/\/kultur.halmawuerzburg.de\/wp-content\/uploads\/2025\/09\/demenz-spenden-1.jpg 618w, https:\/\/kultur.halmawuerzburg.de\/wp-content\/uploads\/2025\/09\/demenz-spenden-1-300x156.jpg 300w\" sizes=\"auto, (max-width: 618px) 100vw, 618px\" \/><\/a><\/figure>\n<\/div>","protected":false},"excerpt":{"rendered":"<p>Spenden Sie f\u00fcr das Projekt HALMA e.V. ist seit 2021 auf der Spendenplattform betterplace aktiv. Sie k\u00f6nnen unsere Arbeit durch Ihre Spende unterst\u00fctzen. Ziel ist es, dass sich m\u00f6glichst viele Museen, Theater und andere Kulturschaffende mit Freude und Begeisterung diesem &hellip; <a href=\"https:\/\/kultur.halmawuerzburg.de\/?page_id=78\">Weiter<\/a><\/p>\n","protected":false},"author":1,"featured_media":0,"parent":0,"menu_order":6,"comment_status":"closed","ping_status":"closed","template":"","meta":{"kt_blocks_editor_width":"","footnotes":""},"class_list":["post-78","page","type-page","status-publish","hentry"],"_links":{"self":[{"href":"https:\/\/kultur.halmawuerzburg.de\/index.php?rest_route=\/wp\/v2\/pages\/78","targetHints":{"allow":["GET"]}}],"collection":[{"href":"https:\/\/kultur.halmawuerzburg.de\/index.php?rest_route=\/wp\/v2\/pages"}],"about":[{"href":"https:\/\/kultur.halmawuerzburg.de\/index.php?rest_route=\/wp\/v2\/types\/page"}],"author":[{"embeddable":true,"href":"https:\/\/kultur.halmawuerzburg.de\/index.php?rest_route=\/wp\/v2\/users\/1"}],"replies":[{"embeddable":true,"href":"https:\/\/kultur.halmawuerzburg.de\/index.php?rest_route=%2Fwp%2Fv2%2Fcomments&post=78"}],"version-history":[{"count":10,"href":"https:\/\/kultur.halmawuerzburg.de\/index.php?rest_route=\/wp\/v2\/pages\/78\/revisions"}],"predecessor-version":[{"id":497,"href":"https:\/\/kultur.halmawuerzburg.de\/index.php?rest_route=\/wp\/v2\/pages\/78\/revisions\/497"}],"wp:attachment":[{"href":"https:\/\/kultur.halmawuerzburg.de\/index.php?rest_route=%2Fwp%2Fv2%2Fmedia&parent=78"}],"curies":[{"name":"wp","href":"https:\/\/api.w.org\/{rel}","templated":true}]}}