{"id":75,"date":"2022-08-22T13:23:46","date_gmt":"2022-08-22T13:23:46","guid":{"rendered":"https:\/\/kultur.halmawuerzburg.de\/?page_id=75"},"modified":"2022-08-22T13:57:25","modified_gmt":"2022-08-22T13:57:25","slug":"lesung","status":"publish","type":"page","link":"https:\/\/kultur.halmawuerzburg.de\/?page_id=75","title":{"rendered":"Lesung"},"content":{"rendered":"\n<p>Im Rahmen der Bayerischen Demenzwoche 2021 entstand die Aufzeichnung der Lesung mit Fr. Dr. D\u00fcber. Fr. Dr. D\u00fcber liest aus zwei sehr ber\u00fchrenden Briefen der pflegenden Angeh\u00f6rigen und Journalistin Peggy Elfmann. Die Briefe stammen aus dem Blog von Peggy Elfmann &#8222;Alzheimer und wir&#8220;, der im Jahr 2020 eine Nominierung f\u00fcr den Grimme Award einbrachte.<\/p>\n\n\n\n<p>Die im Video zu sehenden Personen sind sowohl geimpft, als auch getestet. Der Abstand von 1,50m wurde eingehalten. Die Mund-Nasenbedeckung wurde nur w\u00e4hrend der Aufnahmen abgelegt.<\/p>\n\n\n\n<figure class=\"wp-block-video\"><video height=\"360\" style=\"aspect-ratio: 640 \/ 360;\" width=\"640\" controls src=\"https:\/\/kultur.halmawuerzburg.de\/wp-content\/uploads\/2022\/07\/zoom_0.mp4\"><\/video><\/figure>\n\n\n\n<p>Lesung zweier Briefe von Peggy Elfmann. Sie ist Journalistin und pflegende Angeh\u00f6rige und berichtet in ihrem Blog &#8222;Alzheimer und wir&#8220; \u00fcber die Alzheimererkrankung ihrer Mutter und wie sie als Tochter damit umgeht.<\/p>\n","protected":false},"excerpt":{"rendered":"<p>Im Rahmen der Bayerischen Demenzwoche 2021 entstand die Aufzeichnung der Lesung mit Fr. Dr. D\u00fcber. Fr. Dr. D\u00fcber liest aus zwei sehr ber\u00fchrenden Briefen der pflegenden Angeh\u00f6rigen und Journalistin Peggy Elfmann. Die Briefe stammen aus dem Blog von Peggy Elfmann &hellip; <a href=\"https:\/\/kultur.halmawuerzburg.de\/?page_id=75\">Weiter<\/a><\/p>\n","protected":false},"author":1,"featured_media":0,"parent":0,"menu_order":7,"comment_status":"closed","ping_status":"closed","template":"","meta":{"kt_blocks_editor_width":"","footnotes":""},"class_list":["post-75","page","type-page","status-publish","hentry"],"_links":{"self":[{"href":"https:\/\/kultur.halmawuerzburg.de\/index.php?rest_route=\/wp\/v2\/pages\/75","targetHints":{"allow":["GET"]}}],"collection":[{"href":"https:\/\/kultur.halmawuerzburg.de\/index.php?rest_route=\/wp\/v2\/pages"}],"about":[{"href":"https:\/\/kultur.halmawuerzburg.de\/index.php?rest_route=\/wp\/v2\/types\/page"}],"author":[{"embeddable":true,"href":"https:\/\/kultur.halmawuerzburg.de\/index.php?rest_route=\/wp\/v2\/users\/1"}],"replies":[{"embeddable":true,"href":"https:\/\/kultur.halmawuerzburg.de\/index.php?rest_route=%2Fwp%2Fv2%2Fcomments&post=75"}],"version-history":[{"count":1,"href":"https:\/\/kultur.halmawuerzburg.de\/index.php?rest_route=\/wp\/v2\/pages\/75\/revisions"}],"predecessor-version":[{"id":76,"href":"https:\/\/kultur.halmawuerzburg.de\/index.php?rest_route=\/wp\/v2\/pages\/75\/revisions\/76"}],"wp:attachment":[{"href":"https:\/\/kultur.halmawuerzburg.de\/index.php?rest_route=%2Fwp%2Fv2%2Fmedia&parent=75"}],"curies":[{"name":"wp","href":"https:\/\/api.w.org\/{rel}","templated":true}]}}