{"id":3,"date":"2022-06-22T07:25:03","date_gmt":"2022-06-22T07:25:03","guid":{"rendered":"https:\/\/kultur.halmawuerzburg.de\/?page_id=3"},"modified":"2022-08-22T14:14:56","modified_gmt":"2022-08-22T14:14:56","slug":"privacy-policy","status":"publish","type":"page","link":"https:\/\/kultur.halmawuerzburg.de\/?page_id=3","title":{"rendered":"Datenschutzerkl\u00e4rung"},"content":{"rendered":"\n<p>Wir freuen uns \u00fcber Ihren Besuch auf unserer Webseite. Nachfolgend m\u00f6chten wir Sie \u00fcber den Umgang mit Ihren Daten gem. Art. 13 Datenschutzgrundverordnung (DSGVO) informieren.<\/p>\n\n\n\n<p><strong>I. Verantwortlicher<\/strong><\/p>\n\n\n\n<p>Verantwortlich f\u00fcr die nachfolgende Datenerhebung und -verarbeitung ist der HALMA e.V., Bahnhofstra\u00dfe 11, 97070 W\u00fcrzburg, Tel.: 0931\/20781420, Fax: 0931\/20781439, E-Mail: <a href=\"mailto:info@halmawuerzburg.de\">info@halmawuerzburg.de<\/a>.<\/p>\n\n\n\n<p><strong>II. Speicherung Ihrer IP-Adresse<\/strong><\/p>\n\n\n\n<p>Wir speichern die von Ihrem Webbrowser \u00fcbermittelte IP-Adresse streng zweckgebunden f\u00fcr die Dauer von 7 Tage in dem Interesse, Angriffe auf unsere Webseiten erkennen, eingrenzen und beseitigen zu k\u00f6nnen. Nach Ablauf dieser Zeitspanne l\u00f6schen bzw. anonymisieren wir die IP-Adresse. Rechtsgrundlage f\u00fcr die Datenverarbeitung ist Art. 6 Abs. 1 S. 1 lit. f) DSGVO.<\/p>\n\n\n\n<p><strong>III. Nutzungsdaten<\/strong><\/p>\n\n\n\n<p>Wenn Sie unsere Webseite besuchen, werden auf unserem Webserver tempor\u00e4r sogenannte Nutzungsdaten zu statischen Zwecken als Protokoll gespeichert, um die Qualit\u00e4t unserer Webseiten zu verbessern. Dieser Datensatz besteht aus<\/p>\n\n\n\n<p>\u2022&nbsp;&nbsp;&nbsp;&nbsp;&nbsp;&nbsp;&nbsp;&nbsp;&nbsp;&nbsp;&nbsp;&nbsp; der Seite, von der aus die Datei angefordert wurde,<\/p>\n\n\n\n<p>\u2022&nbsp;&nbsp;&nbsp;&nbsp;&nbsp;&nbsp;&nbsp;&nbsp;&nbsp;&nbsp;&nbsp;&nbsp; dem Namen der Datei,<\/p>\n\n\n\n<p>\u2022&nbsp;&nbsp;&nbsp;&nbsp;&nbsp;&nbsp;&nbsp;&nbsp;&nbsp;&nbsp;&nbsp;&nbsp; dem Datum und der Uhrzeit der Abfrage,<\/p>\n\n\n\n<p>\u2022&nbsp;&nbsp;&nbsp;&nbsp;&nbsp;&nbsp;&nbsp;&nbsp;&nbsp;&nbsp;&nbsp;&nbsp; der \u00fcbertragenen Datenmenge,<\/p>\n\n\n\n<p>\u2022&nbsp;&nbsp;&nbsp;&nbsp;&nbsp;&nbsp;&nbsp;&nbsp;&nbsp;&nbsp;&nbsp;&nbsp; dem Zugriffsstatus (Datei \u00fcbertragen, Datei nicht gefunden),<\/p>\n\n\n\n<p>\u2022&nbsp;&nbsp;&nbsp;&nbsp;&nbsp;&nbsp;&nbsp;&nbsp;&nbsp;&nbsp;&nbsp;&nbsp; der Beschreibung des Typs des verwendeten Webbrowsers,<\/p>\n\n\n\n<p>\u2022&nbsp;&nbsp;&nbsp;&nbsp;&nbsp;&nbsp;&nbsp;&nbsp;&nbsp; der IP-Adresse des anfragenden Rechners, die so verk\u00fcrzt wird, dass ein Personenbezug nicht mehr herstellbar ist.<\/p>\n\n\n\n<p>Die genannten Protokolldaten werden nur anonymisiert gespeichert.<\/p>\n\n\n\n<p><strong>IV. Auftragsverarbeiter<\/strong><\/p>\n\n\n\n<p>Wir \u00fcbermitteln Ihre Daten im Rahmen der Auftragsverarbeitung gem. Art. 28 DSGVO an Dienstleister, die uns beim Betrieb unserer Webseite und der damit zusammenh\u00e4ngenden Prozesse unterst\u00fctzen. Unsere Dienstleister sind uns gegen\u00fcber streng weisungsgebunden und entsprechend vertraglich verpflichtet. Folgende Dienstleister setzen wir ein: 1&amp;1 IONOS SE<\/p>\n\n\n\n<p><strong>V. Kontaktformular<\/strong><\/p>\n\n\n\n<p>Sie haben die M\u00f6glichkeit, mit uns \u00fcber ein Webformular in Kontakt zu treten. Zur Nutzung unseres Kontaktformulars ben\u00f6tigen wir Ihren Namen und Ihre E-Mailadresse. Weitere Angaben k\u00f6nnen Sie uns mitteilen, m\u00fcssen dies jedoch nicht.<\/p>\n\n\n\n<p>Rechtsgrundlage f\u00fcr die Verarbeitung Ihres Namens sowie Ihrer sonstigen allgemeinen Anfragen ist Art. 6 Abs. 1 S. 1 lit. f) DSGVO, da wir ein Interesse daran haben, Ihre Anfrage m\u00f6glichst unkompliziert, zeitnah und kundengerecht zu beantworten. Ohne die Bereitstellung Ihrer Daten k\u00f6nnen wir Ihre Anfrage leider nicht beantworten.<\/p>\n\n\n\n<p>Anfragen, die Sie uns im Rahmen einer allgemeinen Anfrage zu den von uns angebotenen Leistungen stellen, werden auf Grundlage des Art. 6 Abs. 1 S. 1 lit. b) DSGVO verarbeitet.<\/p>\n\n\n\n<p>Ihre Daten werden nur zur Beantwortung Ihrer Anfrage verarbeitet und anschlie\u00dfend gel\u00f6scht, sobald eine Speicherung nicht l\u00e4nger erforderlich ist und keine gesetzlichen oder vertraglichen Aufbewahrungsfristen entgegenstehen. Eine Weitergabe an Dritte erfolgt nicht.<\/p>\n\n\n\n<p>Sie haben das Recht, der Datenverarbeitung nach Art. 6 Abs. 1 S. 1 lit. f) DSGVO zu widersprechen. Daf\u00fcr wenden Sie sich bitte an info@halmawuerzburg.de<\/p>\n\n\n\n<p><strong>VI. Datensicherheit<\/strong><\/p>\n\n\n\n<p>Wir treffen technische und organisatorische Mittel, um Ihre Daten vor unerw\u00fcnschten Zugriffen zu sch\u00fctzen. Ihre Angaben werden von Ihrem Rechner zu unserem Server und umgekehrt mittels SSL- bzw. TLS verschl\u00fcsselt. Diese Verschl\u00fcsselung erkennen Sie daran, dass in der Statusleiste Ihres Browsers das Schloss-Symbol von \u201ehttp:\/\/\u201c auf \u201ehttps:\/\/\u201c wechselt.<\/p>\n\n\n\n<p><strong>VII. Ihre Rechte als Nutzer<\/strong><\/p>\n\n\n\n<p>Bei der Verarbeitung Ihrer personenbezogenen Daten gew\u00e4hrt die DSGVO Ihnen als Webseitennutzer bestimmte Rechte:<\/p>\n\n\n\n<p><strong>1. Auskunftsrecht (Art. 15 DSGVO)<\/strong><\/p>\n\n\n\n<p>Sie haben das Recht, eine Best\u00e4tigung dar\u00fcber zu verlangen, ob Sie betreffende personenbezogene Daten verarbeitet werden; ist dies der Fall, so haben Sie ein Recht auf Auskunft \u00fcber diese personenbezogenen Daten und auf die in Art. 15 DSGVO im einzelnen aufgef\u00fchrten Informationen.<\/p>\n\n\n\n<p><strong>2. Recht auf Berichtigung und L\u00f6schung (Art. 16 und 17 DSGVO)<\/strong><\/p>\n\n\n\n<p>Sie haben das Recht, unverz\u00fcglich die Berichtigung Sie betreffender unrichtiger personenbezogener Daten und ggf. die Vervollst\u00e4ndigung unvollst\u00e4ndiger personenbezogener Daten zu verlangen.<\/p>\n\n\n\n<p>Sie haben zudem das Recht, zu verlangen, dass Sie betreffende personenbezogene Daten unverz\u00fcglich gel\u00f6scht werden, sofern einer der in Art. 17 DSGVO im Einzelnen aufgef\u00fchrten Gr\u00fcnden zutrifft, z.B. wenn die Daten f\u00fcr die verfolgten Zwecke nicht mehr ben\u00f6tigt werden.<\/p>\n\n\n\n<p><strong>3. Recht auf Einschr\u00e4nkung der Verarbeitung (Art. 18 DSGVO)<\/strong><\/p>\n\n\n\n<p>Sie haben das Recht, die Einschr\u00e4nkung der Verarbeitung zu verlangen, wenn eine der in Art. 18 DSGVO aufgef\u00fchrten Voraussetzungen gegeben ist, z.B. wenn Sie Widerspruch gem. Art. 21 DSGVO gegen die Verarbeitung eingelegt haben oder f\u00fcr die Dauer einer etwaigen Pr\u00fcfung, ob unsere berechtigten Interessen gegen\u00fcber Ihren Interessen als betroffene Person \u00fcberwiegen.<\/p>\n\n\n\n<p><strong>4. Recht auf Daten\u00fcbertragung (Art. 20 DSGVO)<\/strong><\/p>\n\n\n\n<p>In bestimmten F\u00e4llen, die in Art. 20 DSGVO im Einzelnen aufgef\u00fchrt werden, haben Sie das Recht, die Sie betreffenden personenbezogenen Daten in einem strukturierten, g\u00e4ngigen und maschinenlesbaren Format zu erhalten bzw. die \u00dcbermittlung dieser Daten an einen Dritten zu verlangen.<\/p>\n\n\n\n<p><strong>5. Widerspruchsrecht (Art. 21 DSGVO)<\/strong><\/p>\n\n\n\n<p>Werden Daten auf Grundlage von Art. 6 Abs. 1 S. 1 lit. f) DSGVO (Datenverarbeitung zur Wahrung berechtigter Interessen) erhoben, steht Ihnen das Recht zu, aus Gr\u00fcnden, die sich aus Ihrer besonderen Situation ergeben, jederzeit gegen die Verarbeitung Widerspruch einzulegen. Wir verarbeiten die personenbezogenen Daten dann nicht mehr, es sei denn, es liegen nachweisbar zwingende schutzw\u00fcrdige Gr\u00fcnde f\u00fcr die Verarbeitung vor, die gegen\u00fcber Ihren Interessen, Rechten und Freiheiten \u00fcberwiegen, oder die Verarbeitung dient der Geltendmachung, Aus\u00fcbung oder Verteidigung von Rechtsanspr\u00fcchen.<\/p>\n\n\n\n<p><strong>6. Widerrufsrecht (Art. 7 Abs. 3 DSGVO)<\/strong><\/p>\n\n\n\n<p>Sofern die Datenverarbeitung auf Ihrer Einwilligung beruht, k\u00f6nnen Sie diese Einwilligung jederzeit widerrufen, ohne dass der Widerruf die Rechtm\u00e4\u00dfigkeit der Datenverarbeitung bis zum Zeitpunkt des Widerrufs ber\u00fchrt.<\/p>\n\n\n\n<p><strong>7. Beschwerderecht bei der Aufsichtsbeh\u00f6rde<\/strong><\/p>\n\n\n\n<p>Sie haben gem. Art. 77 DSGVO zudem das Recht auf Beschwerde bei der Aufsichtsbeh\u00f6rde, wenn Sie der Ansicht sind, dass die Verarbeitung der Sie betreffenden Daten gegen datenschutzrechtliche Bestimmungen verst\u00f6\u00dft. Das Beschwerderecht kann insbesondere bei der Aufsichtsbeh\u00f6rde in dem Mitgliedstaat Ihres Aufenthaltsorts, Ihres Arbeitsplatzes oder des Orts des mutma\u00dflichen Versto\u00dfes geltend gemacht werden.<\/p>\n\n\n\n<p><strong>VIII. Kontaktdaten unseres Datenschutzbeauftragten<\/strong><\/p>\n\n\n\n<p>Unser Datenschutzbeauftragter steht Ihnen gerne f\u00fcr Ausk\u00fcnfte oder Anregungen zum Thema Datenschutz zur Verf\u00fcgung.:<\/p>\n\n\n\n<p>datenschutz s\u00fcd GmbH<br>W\u00f6rthstra\u00dfe 15<br>97082 W\u00fcrzburg<br>E-Mail: <a href=\"mailto:office@datenschutz-sued.de\">office@datenschutz-sued.de<\/a><br>Tel.: 0931 30 49 76 &#8211; 0<\/p>\n","protected":false},"excerpt":{"rendered":"<p>Wir freuen uns \u00fcber Ihren Besuch auf unserer Webseite. Nachfolgend m\u00f6chten wir Sie \u00fcber den Umgang mit Ihren Daten gem. Art. 13 Datenschutzgrundverordnung (DSGVO) informieren. I. Verantwortlicher Verantwortlich f\u00fcr die nachfolgende Datenerhebung und -verarbeitung ist der HALMA e.V., Bahnhofstra\u00dfe 11, &hellip; <a href=\"https:\/\/kultur.halmawuerzburg.de\/?page_id=3\">Weiter<\/a><\/p>\n","protected":false},"author":1,"featured_media":0,"parent":0,"menu_order":8,"comment_status":"closed","ping_status":"closed","template":"","meta":{"kt_blocks_editor_width":"","footnotes":""},"class_list":["post-3","page","type-page","status-publish","hentry"],"_links":{"self":[{"href":"https:\/\/kultur.halmawuerzburg.de\/index.php?rest_route=\/wp\/v2\/pages\/3","targetHints":{"allow":["GET"]}}],"collection":[{"href":"https:\/\/kultur.halmawuerzburg.de\/index.php?rest_route=\/wp\/v2\/pages"}],"about":[{"href":"https:\/\/kultur.halmawuerzburg.de\/index.php?rest_route=\/wp\/v2\/types\/page"}],"author":[{"embeddable":true,"href":"https:\/\/kultur.halmawuerzburg.de\/index.php?rest_route=\/wp\/v2\/users\/1"}],"replies":[{"embeddable":true,"href":"https:\/\/kultur.halmawuerzburg.de\/index.php?rest_route=%2Fwp%2Fv2%2Fcomments&post=3"}],"version-history":[{"count":1,"href":"https:\/\/kultur.halmawuerzburg.de\/index.php?rest_route=\/wp\/v2\/pages\/3\/revisions"}],"predecessor-version":[{"id":16,"href":"https:\/\/kultur.halmawuerzburg.de\/index.php?rest_route=\/wp\/v2\/pages\/3\/revisions\/16"}],"wp:attachment":[{"href":"https:\/\/kultur.halmawuerzburg.de\/index.php?rest_route=%2Fwp%2Fv2%2Fmedia&parent=3"}],"curies":[{"name":"wp","href":"https:\/\/api.w.org\/{rel}","templated":true}]}}